{"id":74,"date":"2021-04-14T07:29:19","date_gmt":"2021-04-14T07:29:19","guid":{"rendered":"http:\/\/finest-escape.de\/?page_id=74"},"modified":"2022-12-30T15:59:28","modified_gmt":"2022-12-30T15:59:28","slug":"impressum","status":"publish","type":"page","link":"https:\/\/finest-escape.de\/en\/impressum\/","title":{"rendered":"Legal Notice"},"content":{"rendered":"<div data-elementor-type=\"wp-page\" data-elementor-id=\"74\" class=\"elementor elementor-74\" data-elementor-post-type=\"page\">\n\t\t\t\t\t\t<section data-particle_enable=\"false\" data-particle-mobile-disabled=\"false\" class=\"elementor-section elementor-top-section elementor-element elementor-element-ac5fb5b elementor-section-boxed elementor-section-height-default elementor-section-height-default\" data-id=\"ac5fb5b\" data-element_type=\"section\" data-e-type=\"section\">\n\t\t\t\t\t\t<div class=\"elementor-container elementor-column-gap-default\">\n\t\t\t\t\t<div class=\"elementor-column elementor-col-100 elementor-top-column elementor-element elementor-element-d509778\" data-id=\"d509778\" data-element_type=\"column\" data-e-type=\"column\">\n\t\t\t<div class=\"elementor-widget-wrap elementor-element-populated\">\n\t\t\t\t\t\t<div class=\"elementor-element elementor-element-e94640a elementor-widget elementor-widget-heading\" data-id=\"e94640a\" data-element_type=\"widget\" data-e-type=\"widget\" data-widget_type=\"heading.default\">\n\t\t\t\t<div class=\"elementor-widget-container\">\n\t\t\t\t\t<h2 class=\"elementor-heading-title elementor-size-default\">Legal Notice<\/h2>\t\t\t\t<\/div>\n\t\t\t\t<\/div>\n\t\t\t\t<div class=\"elementor-element elementor-element-55e31c0 elementor-widget elementor-widget-text-editor\" data-id=\"55e31c0\" data-element_type=\"widget\" data-e-type=\"widget\" data-widget_type=\"text-editor.default\">\n\t\t\t\t<div class=\"elementor-widget-container\">\n\t\t\t\t\t\t\t\t\t<p><b>Finest Escape GmbH<\/b><br \/>Bucher Stra\u00dfe, 76<br \/>90408, Nuremberg<br \/>Telefon: 0911\/25375469<\/p><p>Web: https:\/\/www.finest-escape.de<br \/>E-Mail: nuernberg@finest-escape.de<br \/>VAT:\u00a0DE319417213<\/p><p><strong>Handelsregister-Nummer:<\/strong><\/p><p>HRB 35293 AG N\u00fcrnberg<\/p><p><strong>Gerichtstand:<\/strong><\/p><p>Amtsgericht N\u00fcrnberg<\/p><p><strong>Vertretungsberechtigte Gesch\u00e4ftsf\u00fchrer:<\/strong><\/p><p>Alexander K\u00f6lle<\/p><p>Tobias K\u00f6lle<\/p><p>Siglinde K\u00f6lle<\/p><p><strong>Haftungshinweis:<\/strong><br \/>Trotz sorgf\u00e4ltiger inhaltlicher Kontrolle \u00fcbernehmen wir keinerlei Haftung f\u00fcr die Inhalte externer Links. F\u00fcr den Inhalt der verlinkten Seiten sind ausschlie\u00dflich deren Betreiber verantwortlich. Wir m\u00f6chten ausdr\u00fccklich darauf hinweisen, dass wir uns von den Inhalten von dieser Internetpr\u00e4senz verlinkten Seiten distanzieren.<\/p><p>Wir weisen ausdr\u00fccklich darauf hin, dass wir keinerlei Einfluss auf die Inhalte der fremden Homepages haben. Sollten auf den fremden Seiten Verst\u00f6\u00dfe gegen die guten Sitten oder Gesetze enthalten sein, werden wir die Links zu diesen Seiten sofort nach Kenntnisnahme dieser Verst\u00f6\u00dfe aus unserer Internetpr\u00e4senz l\u00f6schen.<\/p><p>Plattform der EU-Kommission zur Online-Streitbeilegung:<\/p><p><a href=\"https:\/\/ec.europa.eu\/odr\" target=\"_blank\" rel=\"noopener\">https:\/\/ec.europa.eu\/odr<\/a><\/p><p>Wir sind zur Teilnahme an einem Streitbeilegungsverfahren vor einer Verbraucherschlichtungsstelle nicht verpflichtet und hierzu auch nicht bereit.<\/p><p><strong>Copyrighthinweis:<\/strong><\/p><p>S\u00e4mtliche Inhalte sind Urheberrechtlich gesch\u00fctzt.<\/p><p><strong>Inhaltlich Verantwortlicher:<\/strong><\/p><p>Alexander K\u00f6lle<\/p><p>Tobias K\u00f6lle<\/p><p>Siglinde K\u00f6lle<\/p>\t\t\t\t\t\t\t\t<\/div>\n\t\t\t\t<\/div>\n\t\t\t\t\t<\/div>\n\t\t<\/div>\n\t\t\t\t\t<\/div>\n\t\t<\/section>\n\t\t\t\t<\/div>","protected":false},"excerpt":{"rendered":"<p>Impressum Finest Escape GmbHBucher Stra\u00dfe, 7690408, N\u00fcrnbergTelefon: 0911\/25375469 Web: https:\/\/www.finest-escape.deE-Mail: nuernberg@finest-escape.deUSt-ID.:\u00a0DE319417213 Handelsregister-Nummer: HRB 35293 AG N\u00fcrnberg Gerichtstand: Amtsgericht N\u00fcrnberg Vertretungsberechtigte Gesch\u00e4ftsf\u00fchrer: Alexander K\u00f6lle Tobias K\u00f6lle Siglinde K\u00f6lle Haftungshinweis:Trotz sorgf\u00e4ltiger inhaltlicher Kontrolle \u00fcbernehmen wir keinerlei Haftung f\u00fcr die Inhalte externer Links. F\u00fcr den Inhalt der verlinkten Seiten sind ausschlie\u00dflich deren Betreiber verantwortlich. Wir m\u00f6chten ausdr\u00fccklich darauf [&hellip;]<\/p>\n","protected":false},"author":1,"featured_media":0,"parent":0,"menu_order":0,"comment_status":"closed","ping_status":"closed","template":"elementor_header_footer","meta":{"footnotes":""},"class_list":["post-74","page","type-page","status-publish","hentry"],"_links":{"self":[{"href":"https:\/\/finest-escape.de\/en\/wp-json\/wp\/v2\/pages\/74","targetHints":{"allow":["GET"]}}],"collection":[{"href":"https:\/\/finest-escape.de\/en\/wp-json\/wp\/v2\/pages"}],"about":[{"href":"https:\/\/finest-escape.de\/en\/wp-json\/wp\/v2\/types\/page"}],"author":[{"embeddable":true,"href":"https:\/\/finest-escape.de\/en\/wp-json\/wp\/v2\/users\/1"}],"replies":[{"embeddable":true,"href":"https:\/\/finest-escape.de\/en\/wp-json\/wp\/v2\/comments?post=74"}],"version-history":[{"count":25,"href":"https:\/\/finest-escape.de\/en\/wp-json\/wp\/v2\/pages\/74\/revisions"}],"predecessor-version":[{"id":1238,"href":"https:\/\/finest-escape.de\/en\/wp-json\/wp\/v2\/pages\/74\/revisions\/1238"}],"wp:attachment":[{"href":"https:\/\/finest-escape.de\/en\/wp-json\/wp\/v2\/media?parent=74"}],"curies":[{"name":"wp","href":"https:\/\/api.w.org\/{rel}","templated":true}]}}