{"id":460,"date":"2021-04-20T10:30:30","date_gmt":"2021-04-20T10:30:30","guid":{"rendered":"https:\/\/finest-escape.de\/?page_id=460"},"modified":"2026-02-11T17:42:08","modified_gmt":"2026-02-11T17:42:08","slug":"agb","status":"publish","type":"page","link":"https:\/\/finest-escape.de\/en\/agb\/","title":{"rendered":"Conditions"},"content":{"rendered":"<div data-elementor-type=\"wp-page\" data-elementor-id=\"460\" class=\"elementor elementor-460\" data-elementor-post-type=\"page\">\n\t\t\t\t\t\t<section data-particle_enable=\"false\" data-particle-mobile-disabled=\"false\" class=\"elementor-section elementor-top-section elementor-element elementor-element-ac5fb5b elementor-section-boxed elementor-section-height-default elementor-section-height-default\" data-id=\"ac5fb5b\" data-element_type=\"section\" data-e-type=\"section\">\n\t\t\t\t\t\t<div class=\"elementor-container elementor-column-gap-default\">\n\t\t\t\t\t<div class=\"elementor-column elementor-col-100 elementor-top-column elementor-element elementor-element-d509778\" data-id=\"d509778\" data-element_type=\"column\" data-e-type=\"column\">\n\t\t\t<div class=\"elementor-widget-wrap elementor-element-populated\">\n\t\t\t\t\t\t<div class=\"elementor-element elementor-element-e94640a elementor-widget elementor-widget-heading\" data-id=\"e94640a\" data-element_type=\"widget\" data-e-type=\"widget\" data-widget_type=\"heading.default\">\n\t\t\t\t<div class=\"elementor-widget-container\">\n\t\t\t\t\t<h5 class=\"elementor-heading-title elementor-size-default\">Allgemeine Gesch\u00e4ftsbedingungen<\/h5>\t\t\t\t<\/div>\n\t\t\t\t<\/div>\n\t\t\t\t<div class=\"elementor-element elementor-element-55e31c0 elementor-widget elementor-widget-text-editor\" data-id=\"55e31c0\" data-element_type=\"widget\" data-e-type=\"widget\" data-widget_type=\"text-editor.default\">\n\t\t\t\t<div class=\"elementor-widget-container\">\n\t\t\t\t\t\t\t\t\t<p><strong>1. Geltung, Begriffsdefinition<\/strong><\/p><p>Die Finest Escape GmbH (Im Folgenden: \u201eFinest\u00a0Escape\u201c), Bucher Str. 76, 90408 N\u00fcrnberg bietet interessierten Personen (im Folgenden: \u201eKunde\u201c) Leistungen und Produkte im Bereich Escape Games und Stadtrallyes an. Die nachfolgenden Allgemeinen Gesch\u00e4ftsbedingungen regeln abschlie\u00dfend und ausschlie\u00dflich das Zustandekommen des Vertrages sowie dessen Durchf\u00fchrung.<\/p><p><strong>2. Gegenstand des Vertrages<\/strong><\/p><p>2.1 Gegenstand des Vertrages ist die Durchf\u00fchrung der angebotenen Freizeitevents. Finest\u00a0Escape bietet Freizeitaktivit\u00e4ten f\u00fcr Gruppen zwischen 2 und 200 Personen in den Bereichen Escape Games und Stadtrallyes an. Das Mindestalter f\u00fcr buchende Kunden ist 16 Jahre. Die Teilnehmergruppe des Freizeitevents kann auch aus j\u00fcngeren Teilnehmern bestehen. Unter 14-J\u00e4hrige m\u00fcssen am Tag des Events von einer vollj\u00e4hrigen Person zum Spielort begleitet werden. Das Ziel der Freizeitaktivit\u00e4ten ist es, gemeinsam im Team Aufgaben und R\u00e4tsel zu l\u00f6sen. Die Freizeiterlebnisse haben eine festgelegte Dauer, die im Rahmen der Buchung mitgeteilt wird. Der Spielort ist im Falle von Escape Games ein eigens zu diesem Zweck eingerichteter Raum, den man als Gruppe exklusiv f\u00fcr sich buchen kann. Im Falle der Stadtrallyes ist der Spielort eine festgelegte Route im \u00f6ffentlichen Raum, die von der Gruppe eigenst\u00e4ndig erkundet wird. Zum L\u00f6sen der R\u00e4tsel sind keine Vorkenntnisse oder besondere physische Eigenschaften (z.B. Gr\u00f6\u00dfe oder Kraft) n\u00f6tig, gefragt sind lediglich K\u00f6pfchen und Geschick. Bei Bedarf erh\u00e4lt die Gruppe gezielte Hilfestellung durch Spielleiter.<\/p><p>2.2 Das Freizeitevent startet p\u00fcnktlich zu dem auf der Buchungsbest\u00e4tigung genannten Start-Zeitpunkt und Ort. Finest\u00a0Escape empfiehlt, 15 Minuten vor Beginn des Events vor Ort zu sein. Bei versp\u00e4tetem Erscheinen kann die vereinbarte Leistung nicht erbracht und das Event nicht durchgef\u00fchrt werden. Ein Anspruch auf Erstattung der Verg\u00fctung besteht nicht.<\/p><p><strong>3. Zustandekommen des Vertrages<\/strong><\/p><p>Die Anmeldung zum Spiel kann \u00fcber die Website, telefonisch oder per E-Mail erfolgen.<\/p><p>3.1\u00a0\u00dcber die Website von Finest\u00a0Escape (www.finest-escape.de) werden Escape Games sowie Stadtrallyes zur Buchung sowie Warengutscheine f\u00fcr diese Freizeitaktivit\u00e4ten angeboten. Die Pr\u00e4sentation und Bewerbung der verschiedenen Freizeitaktivit\u00e4ten stellt kein bindendes Angebot zum Abschluss eines Vertrags dar. Der Kunde kann zwischen den angebotenen Events w\u00e4hlen. Freie Termine ergeben sich dabei aus der vorgehaltenen Kalenderansicht. Mit der Best\u00e4tigung des Buttons \u201ebuchen\u201c meldet sich der Kunde in dem gebuchten Zeitraum verbindlich zu dem Spiel in dem gew\u00fcnschten Zeitfenster an. F\u00fcr die Buchung des Events erfragt Finest\u00a0Escape zun\u00e4chst Daten, wie Name, E-Mailadresse, Telefonnummer und ggf. Rechnungsadresse des Kunden. \u00dcber den Button \u201ezahlungspflichtig bestellen\u201c gibt der Kunde einen verbindlichen Antrag zum Vertragsschluss ab. Vor Absenden der Buchung kann der Kunde seine Eingaben jederzeit einsehen und \u00e4ndern. Die AGB (Nutzungsbedingungen) kann der Kunde \u00fcber seinen Browser ausdrucken und speichern. Nach Absenden der Bestellung sendet Finest\u00a0Escape dem Kunden eine Buchungsbest\u00e4tigung per E-Mail. Der Vertrag kommt mit dieser Buchungsbest\u00e4tigung zustande. Die Buchungsbest\u00e4tigung ist vom Kunden unverz\u00fcglich zu pr\u00fcfen; etwaige Fehler sind Finest\u00a0Escape mitzuteilen.<\/p><p>F\u00fcr den Fall, dass der Kunde einen Gutschein bestellt hat, wird ihm in der Buchungsbest\u00e4tigungs-E-Mail der Gutschein-Code mitgeteilt. Dieser berechtigt den Kunden oder eine Person, der der Kunde den Wertgutschein weiterreicht, den Gutscheinbetrag bei der Buchung von Escape Games und Stadtrallyes und der Zahlung am Standort f\u00fcr das Spiel als Zahlungsmittel zu nutzen.<\/p><p>Eingabefehler k\u00f6nnen mittels der \u00fcblichen Tastatur-, Mouse und Browser-Funktionen (z.B. \u201eZur\u00fcck\u201c-Button des Browsers) berichtigt werden. Ein angew\u00e4hlter Termin ist f\u00fcr 15 Minuten reserviert und wird\u00a0 wieder zur Buchung freigegeben, wenn die Buchung nicht abgeschlossen wird<\/p><p>3.2 Auch bei der telefonischen Buchung kann der Kunde zwischen den angebotenen Events w\u00e4hlen. Zur Buchung muss der Kunde telefonisch die erforderlichen Angaben mitteilen. Die AGB kann der Kunde \u00fcber seinen Browser ausdrucken und speichern. Nach der telefonischen Buchung sendet Finest\u00a0Escape dem Kunden eine Buchungsbest\u00e4tigung per E-Mail zu, in welcher die Buchung des Kunden und seine pers\u00f6nlichen Daten nochmals aufgef\u00fchrt sind. Der Vertrag kommt mit dieser Buchungsbest\u00e4tigung zustande. Die Buchungsbest\u00e4tigung ist vom Kunden unverz\u00fcglich zu pr\u00fcfen; etwaige Fehler sind Finest\u00a0Escape mitzuteilen.<\/p><p>3.3 Bei der Buchung via E-Mail w\u00e4hlt der Kunde zwischen den verf\u00fcgbaren Events. Zur Buchung muss der Kunde die erforderlichen Angaben via E-Mail mitteilen. Die AGB kann der Kunde \u00fcber seinen Browser ausdrucken und speichern. Nach der Buchung sendet Finest\u00a0Escape dem Kunden eine Buchungsbest\u00e4tigung per E-Mail zu, in welcher die Buchung des Kunden und seine pers\u00f6nlichen Daten nochmals aufgef\u00fchrt sind. Der Vertrag kommt mit dieser Buchungsbest\u00e4tigung zustande. Die Buchungsbest\u00e4tigung ist vom Kunden unverz\u00fcglich zu pr\u00fcfen; etwaige Fehler sind Finest\u00a0Escape mitzuteilen.<\/p><p>3.4 Im Falle des Vertragsschlusses kommt der Vertrag zustande mit: Finest Escape GmbH, Bucher Str. 76, 90408 N\u00fcrnberg.<\/p><p><strong>4. Stornierung, Nichterscheinen, \u00c4nderung der Buchung, R\u00fcckerstattungen<\/strong><\/p><p>4.1 Der Kunde kann bis sp\u00e4testens 72 Stunden vor dem vereinbarten Spielbeginn kostenfrei vom Vertrag zur\u00fccktreten. Ma\u00dfgeblich ist der Zeitpunkt des Zugangs der R\u00fccktrittserkl\u00e4rung beim Anbieter.<\/p><p>4.2 Bei einem R\u00fccktritt des Kunden innerhalb von 72 bis 48 Stunden vor dem vereinbarten Spielbeginn wird eine pauschale Stornogeb\u00fchr in H\u00f6he von 50,00 \u20ac erhoben. Dem Kunden bleibt der Nachweis vorbehalten, dass dem Anbieter kein oder ein geringerer Schaden entstanden ist.<\/p><p>4.3 Bei einem R\u00fccktritt weniger als 48 Stunden vor dem vereinbarten Spielbeginn oder bei Nichterscheinen (\u201eNo-Show\u201c) ist der Anbieter berechtigt, den vollst\u00e4ndigen Buchungspreis als pauschalierten Schadensersatz zu verlangen. Dem Kunden bleibt der Nachweis vorbehalten, dass dem Anbieter kein oder ein geringerer Schaden entstanden ist.<\/p><p>4.4 Eine Umbuchung auf einen anderen Termin ist bis 72 Stunden vor dem vereinbarten Spielbeginn kostenfrei m\u00f6glich, sofern entsprechende Kapazit\u00e4ten verf\u00fcgbar sind. Bei Umbuchungen innerhalb von 72 bis 48 Stunden vor Spielbeginn kann der Anbieter eine Umbuchungsgeb\u00fchr in H\u00f6he von 50,00 \u20ac erheben. Umbuchungen weniger als 48 Stunden vor Spielbeginn sind ausgeschlossen.<\/p><p>4.5 Der Kunde ist berechtigt, einen geeigneten Ersatzteilnehmer zu stellen. Ein Anspruch auf Reduzierung des Buchungspreises besteht hierdurch nicht.<\/p><p>4.6 Erscheinen einzelne Teilnehmer nicht oder versp\u00e4tet zum gebuchten Termin, besteht kein Anspruch auf anteilige Erstattung oder Verl\u00e4ngerung der Spielzeit. Der Anbieter ist berechtigt, versp\u00e4tet erscheinende Teilnehmer vom Spiel auszuschlie\u00dfen, sofern hierdurch der Ablauf oder die Sicherheit beeintr\u00e4chtigt w\u00fcrden.<\/p><p>4.7 Gesetzliche R\u00fccktritts- und K\u00fcndigungsrechte bleiben unber\u00fchrt. Ein Widerrufsrecht besteht bei termingebundenen Freizeitdienstleistungen gem\u00e4\u00df \u00a7 312g Abs. 2 Nr. 9 BGB nicht.<\/p><p>4.8 Stornierungen oder \u00c4nderungen m\u00fcssen per Email erfolgen.<span style=\"font-family: -apple-system, BlinkMacSystemFont, 'Segoe UI', Roboto, 'Helvetica Neue', Arial, 'Noto Sans', sans-serif, 'Apple Color Emoji', 'Segoe UI Emoji', 'Segoe UI Symbol', 'Noto Color Emoji';\"> Emailadressen: nuernberg@finest-escape.de oder bamberg@finest-escape.de<\/span><\/p><p><strong>5. Verg\u00fctung, Zahlungsmodalit\u00e4ten<\/strong><\/p><p>Die Verg\u00fctung richtet sich nach der Gr\u00f6\u00dfe der Gruppe sowie der gebuchten Uhrzeit. Ihre H\u00f6he ist im Bestellprozess ersichtlich und versteht sich inklusive der gesetzlichen Mehrwertsteuer. Der Betrag wird mit der Buchungsbest\u00e4tigung zur Zahlung f\u00e4llig.<\/p><p>Die Bezahlung ist online per PayPal, Kreditkarte, Sofort\u00fcberweisung, GiroPay, oder vor Ort in bar bzw. per EC-Karte\/Kreditkarte zu Beginn des Events zu t\u00e4tigen.<\/p><p><strong>6. Gutscheine<\/strong><\/p><p>Gutscheine \u00fcber die Leistung eines Freizeitevents k\u00f6nnen \u00fcber die Website und direkt vor Ort erworben werden. Die Gutscheine stellen grunds\u00e4tzlich Spielgutscheine und keine Wertgutscheine dar und k\u00f6nnen ausschlie\u00dflich f\u00fcr buchbare Freizeitevents bei Finest\u00a0Escape angerechnet werden. Gutscheine, bei denen ein Gegenwert in Form einer Leistung oder eines Wochentags klar bestimmt ist, gelten ausschlie\u00dflich f\u00fcr diese bestimmte Leistung oder den Wochentag. Der Gutscheinwert gilt jeweils inklusive der aktuell gesetzlichen Mehrwertsteuer. Gutscheine k\u00f6nnen ausschlie\u00dflich zur Bezahlung eines Leistungsbezuges verwendet werden. Ein Anspruch auf Barauszahlung der Gutscheine gegen Finest\u00a0Escape ist ausgeschlossen. Gutscheine, welche von Finest\u00a0Escape ausgegeben werden, verlieren ihre G\u00fcltigkeit mit Ablauf von einem Jahr ab Ende des Kalenderjahres.<\/p><p><strong>7. Haftung<\/strong><\/p><p>Vorbehaltlich der nachfolgenden Ausnahmen ist die Haftung von Finest\u00a0Escape f\u00fcr vertragliche Pflichtverletzungen sowie aus unerlaubter Handlung auf Vorsatz oder grobe Fahrl\u00e4ssigkeit beschr\u00e4nkt.<\/p><p>Finest\u00a0Escape haftet bei leichter Fahrl\u00e4ssigkeit im Falle der Verletzung des Lebens, des K\u00f6rpers, der Gesundheit oder bei Verletzung einer vertragswesentlichen Pflicht unbeschr\u00e4nkt. Wenn Finest\u00a0Escape durch leichte Fahrl\u00e4ssigkeit mit der Leistung in Verzug geraten ist, wenn die Leistung unm\u00f6glich geworden ist oder wenn Finest\u00a0Escape eine vertragswesentliche Pflicht verletzt hat, ist die Haftung f\u00fcr darauf zur\u00fcckzuf\u00fchrende Sach- und Verm\u00f6genssch\u00e4den auf den vertragstypisch vorhersehbaren Schaden begrenzt. Eine vertragswesentliche Pflicht ist eine solche, deren Erf\u00fcllung die ordnungsgem\u00e4\u00dfe Durchf\u00fchrung des Vertrages \u00fcberhaupt erst erm\u00f6glicht, deren Verletzung die Erreichung des Vertragszwecks gef\u00e4hrdet und auf deren Einhaltung der Kunde regelm\u00e4\u00dfig vertrauen darf. Dazu geh\u00f6rt insbesondere die Pflicht zum T\u00e4tigwerden und der Erf\u00fcllung der vertraglich geschuldeten Leistung, die in Ziffer 2 beschrieben wird.<\/p><p>Finest\u00a0Escape haftet weder f\u00fcr abhanden gekommene Garderobe noch f\u00fcr abhanden gekommene oder verlorene Wertgegenst\u00e4nde. Finest\u00a0Escape \u00fcbernimmt diesbez\u00fcglich keine Obhutspflichten. Auch keine Haftung \u00fcbernimmt Finest\u00a0Escape f\u00fcr Kleidungsst\u00fccke, welche bei der Durchf\u00fchrung der Freizeitaktivit\u00e4ten besch\u00e4digt werden.<\/p><p>Au\u00dferdem weisen wir daraufhin, dass die vorhandene R\u00e4umlichkeiten technische Einrichtungen, wie z. B. 12 V Magnete, Flackerlicht und Naturprodukte aufweisen k\u00f6nnen, welche Symptome von Erkrankungen wie z. B.\u00a0 Epilepsie oder Allergien ausl\u00f6sen k\u00f6nnen. Daf\u00fcr \u00fcbernimmt Finest\u00a0Escape keine Haftung.<\/p><p><strong>8. Hinweise zu Datenschutz und Datenverarbeitung<\/strong><\/p><p>8.1 Finest\u00a0Escape erhebt im Rahmen der Abwicklung von Vertr\u00e4gen Daten des Kunden. Finest\u00a0Escape beachtet dabei insbesondere die Vorschriften des Bundesdatenschutzgesetzes und des Telemediengesetzes. Ohne Einwilligung des Kunden \u2013 bspw. entsprechend der etwaig vom Kunden erteilten Datennutzungserkl\u00e4rung (im Folgenden \u201eDNE\u201c) \u2013 wird Finest\u00a0Escape personenbezogene Daten des Kunden nur erheben, speichern, verarbeiten oder nutzen, soweit dies f\u00fcr die Abwicklung des Vertragsverh\u00e4ltnisses und f\u00fcr die Inanspruchnahme und Abrechnung von Telemedien erforderlich ist.<\/p><p>8.2 Finest\u00a0Escape bzw. der autorisierte dritte Ticketverk\u00e4ufer Belbo Business Software GmbH sind an das zentrale Abrechnungssystem von Finest\u00a0Escape angeschlossen. Die erhobenen Daten werden auf dem Zentralserver von Finest\u00a0Escape nur entsprechend der ggf. erteilten DNE und unter strikter Einhaltung der bestehenden gesetzlichen Regelungen gespeichert.<\/p><p>8.3 Der Kunde hat bez\u00fcglich der personenbezogenen und nutzungsspezifischen Daten die durch das Bundesdatenschutzgesetz gew\u00e4hrleisteten Rechte auf Auskunft, Berichtigung und L\u00f6schung; diese Rechte sind auszu\u00fcben durch eine Nachricht auf dem Postweg (Kontaktdaten unter Ziffer 1) oder per E-Mail an\u00a0<a>nuernberg@finest-escape.de<\/a><\/p><p><strong>9. Verbotenes Verhalten des Kunden<\/strong><\/p><p>9.1 Alle Veranstaltungen in den R\u00e4umen sowie die R\u00e4ume selbst geh\u00f6ren zu den gesch\u00fctzten Werken gem\u00e4\u00df \u00a7 2 Urheberrechtsgesetz. Das Fotografieren sowie das Anfertigen von Filmen-, Video- oder Audiomitschnitten ist verboten. Finest\u00a0Escape wird im Falle eines unerlaubten Mitschnitts einer Veranstaltung oder von Teilen einer Veranstaltung Strafantrag bei den Strafverfolgungsbeh\u00f6rden stellen.<\/p><p>9.2 Das Mitf\u00fchren von Speisen und Getr\u00e4nken im Veranstaltungsraum sowie der Verzehr von mitgebrachten Speisen und Getr\u00e4nken im gesamten Veranstaltungsgel\u00e4nde ist nicht gestattet.<\/p><p>9.3 Das Rauchen ist in allen Bereichen des Veranstaltungsortes verboten.<\/p><p>9.4 Finest\u00a0Escape kann einem Kunden den Zutritt zum Veranstaltungsort verweigern, wenn Anlass zu der Bef\u00fcrchtung besteht, dass der Betroffene aufgrund von Alkohol- oder Drogenkonsum oder aus sonstigen Gr\u00fcnden den Vorstellungsablauf oder den Allgemeinen Gesch\u00e4ftsbetrieb st\u00f6ren oder andere Besucher bel\u00e4stigen wird.<\/p><p>9.5 Tiere m\u00fcssen drau\u00dfen bleiben.<\/p><p><strong>10. Hausverweis und Hausverbot<\/strong><\/p><p>Bei Zuwiderhandlungen gegen die vorstehenden Bestimmungen der Punkte 8. und 9. ist Finest\u00a0Escape berechtigt, den jeweiligen Besucher des Hauses zu verweisen. Unbeschadet seiner sonstigen Rechte ist Finest\u00a0Escape berechtigt, im Falle erheblicher oder wiederholter St\u00f6rung und bei Verst\u00f6\u00dfen gegen diese Bestimmungen im Einzelfall ein zeitlich beschr\u00e4nktes oder dauerhaftes Hausverbot zu erteilen.<\/p><p><strong>11. Gebotenes Verhalten des Kunden<\/strong><\/p><p>11.1 Der Kunde verpflichtet sich f\u00fcr die Dauer des Aufenthaltes im Veranstaltungsort eine sorgf\u00e4ltigen Benutzung des Hauses, insbesondere der Einrichtung und des Inventars der Spielr\u00e4ume. Finest\u00a0Escape beh\u00e4lt sich bei jedweder Besch\u00e4digung schuldhafter Art eine zivilrechtliche Verfolgung sowie bei vors\u00e4tzlicher Besch\u00e4digung dar\u00fcber hinaus auch eine strafrechtliche Verfolgung vor.<\/p><p>11.2 Gegenst\u00e4nde aller Art, welche im Veranstaltungsort gefunden werden, sind beim Personal abzugeben.<\/p><p>11.3 Der Kunde verpflichtet sich, den Anweisungen der Finest\u00a0Escape Mitarbeiter Folge zu leisten und St\u00f6rungen des Betriebsablaufes, gleich welcher Art, zu unterlassen. Mobiltelefone und andere elektronische Kommunikationsmittel sowie akustische Signalgeber aller Art sind in den Spielr\u00e4umen nicht gestattet. Der Einsatz optischer Zeigeger\u00e4te (Laserpointer) ist untersagt. Im Interesse einer st\u00f6rungsfreien Veranstaltung ist Finest\u00a0Escape berechtigt, den Nutzer eines der vorgenannten Ger\u00e4te zur unverz\u00fcglichen Au\u00dferbetriebsetzung des Ger\u00e4tes oder den Kunden zum Verlassen der Veranstaltung aufzufordern.<\/p><p><strong>12. Ton-, Foto- und Filmaufnahmen<\/strong><\/p><p>12.1. In den gesamten R\u00e4umlichkeiten von Finest\u00a0Escape sind Ton-, Foto- und Filmaufnahmen aus urheberrechtlichen Gr\u00fcnden untersagt. Dies gilt unabh\u00e4ngig davon, mit welcher Art von Ger\u00e4t die Aufnahmen gefertigt werden. Bei Zuwiderhandlungen gegen das Aufnahmeverbot wird unbeschadet weiterer Anspr\u00fcche eine Vertragsstrafe f\u00e4llig, deren H\u00f6he nach billigem Ermessen von Finest\u00a0Escape festzusetzen ist, h\u00f6chstens jedoch EUR 5.000,00 im Einzelfall. Aufnahmeger\u00e4te und Kameras aller Art d\u00fcrfen nicht mit in die R\u00e4tselr\u00e4ume genommen werden. Sie m\u00fcssen an der Garderobe zur Aufbewahrung abgegeben werden.<\/p><p>12.2. Bei Zuwiderhandlungen ist das Hauspersonal berechtigt, Aufnahmeger\u00e4te und Kameras einzuziehen und bis zum Ende der Veranstaltung einzubehalten. Filme und Aufzeichnungsmaterialien jeder Art, auf denen Teile der Veranstaltung festgehalten sind, k\u00f6nnen von Finest\u00a0Escape eingezogen und verwahrt werden. Sie werden an den Eigent\u00fcmer wieder ausgeh\u00e4ndigt, wenn dieser der L\u00f6schung der Aufnahmen zugestimmt hat und die L\u00f6schung vorgenommen wurde.<\/p><p>12.3. Finest\u00a0Escape ist berechtigt, im Rahmen der Veranstaltungen Ton-\/ Foto- und Filmaufnahmen des Kunden sowie seiner Begleiter, die \u00fcber die Wiedergabe einer Veranstaltung des Zeitgeschehens hinausgehen (Recht am eigenen Bild), zu vervielf\u00e4ltigen, zu senden oder erstellen zu lassen, sowie in audiovisuellen Medien zu nutzen oder nutzen zu lassen. Die Einwilligung erfolgt ausdr\u00fccklich unter Verzicht auf einen Verg\u00fctungsanspruch.<\/p><p><strong>13. Gesch\u00e4ftsgeheimnisse<\/strong><\/p><p>Die L\u00f6sungen in den R\u00e4tselr\u00e4umen sind Gesch\u00e4ftsgeheimnis von Finest\u00a0Escape und d\u00fcrfen Dritten nicht offenbart werden. Bei Zuwiderhandlung wird Finest\u00a0Escape gegen den Verursacher gerichtlich vorgehen und alle Sch\u00e4den gegen ihn geltend machen.<\/p><p><strong>14. Bild und Kameraaufnahmen w\u00e4hrend der Durchf\u00fchrung der Freizeitaktivit\u00e4ten<\/strong><\/p><p>Der Kunde erkl\u00e4rt sich damit einverstanden, dass er von den Spielleitern w\u00e4hrend der Durchf\u00fchrung der Freizeitaktivit\u00e4ten \u00fcber einen Bildschirm beobachtet wird. Dies dient der Sicherheit der Kunden. Die Aufnahmen werden nicht gespeichert.<\/p><p>Des Weiteren weisen wir daraufhin, dass \u00dcberwachungskameras im Eingangs- und Loungebereich installiert sind.<\/p><p>Durch die \u00dcberwachungskameras sollen von dem Unternehmen sowie den Mitarbeitern Gefahren abgewendet werden, die dadurch entstehen k\u00f6nnen, dass sich Unbefugte Zutritt zu den Standorten gew\u00e4hren. Die Video\u00fcberwachung soll insbesondere der Diebstahlpr\u00e4vention sowie dem Schutz der Mitarbeiter dienen.<\/p><p><strong>15. Anwendbares Recht und Gerichtsstand<\/strong><\/p><p>Es gilt ausschlie\u00dflich das Recht der Bundesrepublik Deutschland.<\/p><p>Wenn der Kunde Kaufmann ist und seinen Sitz zum Zeitpunkt der Buchung in Deutschland hat, ist ausschlie\u00dflicher Gerichtsstand der Sitz der Finest Escape GmbH in N\u00fcrnberg.<\/p><p><strong>16. Europ\u00e4ische Plattform f\u00fcr au\u00dfergerichtliche Streitbeilegung<\/strong><\/p><p>Plattform der EU-Kommission zur Online-Streitbeilegung:<\/p><p><a href=\"https:\/\/ec.europa.eu\/odr\" target=\"_blank\" rel=\"noopener\">https:\/\/ec.europa.eu\/odr<\/a><\/p><p>Wir sind zur Teilnahme an einem Streitbeilegungsverfahren vor einer Verbraucherschlichtungsstelle nicht verpflichtet und hierzu auch nicht bereit.<\/p>\t\t\t\t\t\t\t\t<\/div>\n\t\t\t\t<\/div>\n\t\t\t\t\t<\/div>\n\t\t<\/div>\n\t\t\t\t\t<\/div>\n\t\t<\/section>\n\t\t\t\t<\/div>","protected":false},"excerpt":{"rendered":"<p>Allgemeine Gesch\u00e4ftsbedingungen 1. Geltung, Begriffsdefinition Die Finest Escape GmbH (Im Folgenden: \u201eFinest\u00a0Escape\u201c), Bucher Str. 76, 90408 N\u00fcrnberg bietet interessierten Personen (im Folgenden: \u201eKunde\u201c) Leistungen und Produkte im Bereich Escape Games und Stadtrallyes an. Die nachfolgenden Allgemeinen Gesch\u00e4ftsbedingungen regeln abschlie\u00dfend und ausschlie\u00dflich das Zustandekommen des Vertrages sowie dessen Durchf\u00fchrung. 2. Gegenstand des Vertrages 2.1 Gegenstand des [&hellip;]<\/p>\n","protected":false},"author":1,"featured_media":0,"parent":0,"menu_order":0,"comment_status":"closed","ping_status":"closed","template":"elementor_header_footer","meta":{"footnotes":""},"class_list":["post-460","page","type-page","status-publish","hentry"],"_links":{"self":[{"href":"https:\/\/finest-escape.de\/en\/wp-json\/wp\/v2\/pages\/460","targetHints":{"allow":["GET"]}}],"collection":[{"href":"https:\/\/finest-escape.de\/en\/wp-json\/wp\/v2\/pages"}],"about":[{"href":"https:\/\/finest-escape.de\/en\/wp-json\/wp\/v2\/types\/page"}],"author":[{"embeddable":true,"href":"https:\/\/finest-escape.de\/en\/wp-json\/wp\/v2\/users\/1"}],"replies":[{"embeddable":true,"href":"https:\/\/finest-escape.de\/en\/wp-json\/wp\/v2\/comments?post=460"}],"version-history":[{"count":26,"href":"https:\/\/finest-escape.de\/en\/wp-json\/wp\/v2\/pages\/460\/revisions"}],"predecessor-version":[{"id":1908,"href":"https:\/\/finest-escape.de\/en\/wp-json\/wp\/v2\/pages\/460\/revisions\/1908"}],"wp:attachment":[{"href":"https:\/\/finest-escape.de\/en\/wp-json\/wp\/v2\/media?parent=460"}],"curies":[{"name":"wp","href":"https:\/\/api.w.org\/{rel}","templated":true}]}}